{"id":114,"date":"2017-10-20T19:03:41","date_gmt":"2017-10-20T19:03:41","guid":{"rendered":"http:\/\/www.balefolcloricodabahia.com.br\/site\/?page_id=114"},"modified":"2018-04-23T17:53:09","modified_gmt":"2018-04-23T20:53:09","slug":"critique","status":"publish","type":"page","link":"https:\/\/balefolcloricodabahia.com.br\/site\/fr\/critique\/","title":{"rendered":"Prix et Critiques"},"content":{"rendered":"<p><strong>PRIX FIAT<\/strong><br \/>\noffert par la soci\u00e9t\u00e9 Fiat du Br\u00e9sil \u00e0 la meilleure compagnie de danse du pays pour l\u2019ann\u00e9e 1990.<\/p>\n<p><strong>PRIX EST\u00cdMULO<\/strong><br \/>\noffert par le Minist\u00e8re de la Culture \u00e0\u00a0 la meilleure compagnie de danse du pays et au meilleur spectacle de danse du pays pour l\u2019ann\u00e9e 1993.<\/p>\n<p><strong>PRIX MAMBEMB\u00c3O<\/strong><br \/>\noffert par le Minist\u00e8re de la Culture \u00e0 la meilleure recherche r\u00e9alis\u00e9e dans le domaine de la culture populaire et au groupe qui a pr\u00e9sent\u00e9 la meilleure pr\u00e9paration technique pour l\u2019ann\u00e9e 1996.<\/p>\n<p><strong>PRIX BOM DO BRASIL<\/strong><br \/>\noffert par\u00a0la Compagnie Aeri\u00e9nne Varig\u00a0comme un des cinq meilleurs projets social et culturelle du Br\u00e9sil en 2004.<\/p>\n<p><strong>PRIX M\u00c9RITO AO TURISMO<\/strong><br \/>\noffert par\u00a0la\u00a0ABRAJET &#8211; Associa\u00e7\u00e3o Brasileira de Jornalistas de Turismo par les\u00a0services au turisme et la culture da Bahia en 2006.<\/p>\n<hr \/>\n<blockquote><p>\u201cLe Ballet Folklorique a fait danser les spectateurs. \u00c0 la fin, des dames aux cheveux gris dansaient contagionn\u00e9es par le survoltage venu de la sc\u00e8ne. Comme l\u2019a r\u00e9v\u00e9l\u00e9 l\u2019un des sponsors: \u201cC\u2019est pour cela que le Festival de Spoleto a \u00e9t\u00e9 cr\u00e9\u00e9\u201d&#8230;\u201d<\/p><\/blockquote>\n<p class=\"assinatura\">The Post and Courier \u2013 USA.<\/p>\n<blockquote><p><span class=\"fonte_his\">\u201cLe plaisir qu&#8217;ont les danseurs, les musiciens et les chanteurs de faire tout ce qu\u2019ils font sur la sc\u00e8ne fait partie de leur vie d\u2019une fa\u00e7on si manifeste qu\u2019il devient contagieux pour<b>\u00a0<\/b>le th\u00e9\u00e2tre entier. Des meilleures conditions de travail ont permis \u00e0 la compagnie de se perfectionner encore plus dans ses recherches. Les r\u00e9sultats sont surprenants et s\u00e9duisants. Les intervalles musicaux pr\u00e9sentent Daniel Sousa, un virtuose du berimbau, ainsi qu\u2019un m\u00e9lange entre le pop et le traditionnel qui est incorpor\u00e9 par Dora Santana, plus magnifique que jamais.\u00a0 Les femmes de la compagnie sont aussi \u00e9nergiques que les hommes. Ce ne sont pas des \u201cFilles d\u2019Ipanema\u201d et voil\u00e0 la diff\u00e9rence, nette et claire&#8230;\u201d<\/span><\/p><\/blockquote>\n<p class=\"assinatura\">Anna Kisselgoff, The New York Times \u2013 USA.<\/p>\n<blockquote><p>\u201cUne nouvelle tourn\u00e9e nationale nous apporte cette nuit la compagnie avec un nouveau programme et d\u2019une production encore plus spectaculaire, et qui fini avec le public suivant les danseurs et musiciens \u00e0 l\u2019ext\u00e9rieur du New Jersey Performing Arts Center. La vision des spectateurs dansant sur la place ext\u00e9rieure du th\u00e9\u00e2tre n\u2019est aucune surprise pour ceux qui ont d\u00e9j\u00e0 vu de pr\u00e8s ce spectacle du Ballet Folklorique de Bahia\u2026\u201d<\/p><\/blockquote>\n<p class=\"assinatura\">Anna Kisselgoff, The New York Times \u2013 USA.<\/p>\n<blockquote><p>\u201cUn Ballet Folklorique puissant vient d\u2019arriver chez nous. Vous pouvez l\u2019appeler \u201cl\u2019explosion br\u00e9silienne!\u201d ou m\u00eame le Riverdanse bahianaise. Comme l\u2019attendaient d\u00e9j\u00e0 ses milliers d\u2019admirateurs, le spectacle de la compagnie ne s&#8217;est termin\u00e9 qu\u2019apr\u00e8s avoir eu tout le public \u00e0 ses pieds,\u00a0 dansant dans les couloirs. Quant il s\u2019agit du Ballet Folklorique de Bahia, tous les commentaires sont au superlatif: le temps op\u00e9ratif est fr\u00e9n\u00e9tique, la dynamique est num\u00e9riquement \u00e9lev\u00e9e, les mouvements furieux, les couleurs hallucinantes. Rien n\u2019est subtil. De plus personne n&#8217;est\u00a0 press\u00e9 de rentrer chez soi\u2026\u201d<\/p><\/blockquote>\n<p class=\"assinatura\">The Boston Globe \u2013 USA.<\/p>\n<blockquote><p>&#8220;Le Ballet Folklorique de Bahia a vraiment besoin d\u2019une affiche du genre \u201cAttachez vos ceintures!\u201d\u00a0 avant de commencer ses spectacles. Le show pr\u00e9sent\u00e9 hier soir au Shubert Theater est l\u2019un des plus spectaculaires d\u00e9j\u00e0 vus \u00e0 Boston. Les nouvelles chor\u00e9graphies de la compagnie pr\u00e9sentent des costumes exub\u00e9rants, \u00e0 perdre haleine. Ceux qui ont eu l\u2019occasion d\u2019assister r\u00e9cemment \u00e0 un spectacle br\u00e9silien pourraient \u00eatre surpris par cette passionnante polyrythmie pr\u00e9sent\u00e9e par une compagnie qui honore sa Bahia natale par la sensualit\u00e9, l\u2019athl\u00e9tisme,\u2026&#8221;<\/p><\/blockquote>\n<p class=\"assinatura\">Boston Herald \u2013 USA.<\/p>\n<blockquote><p>\u201cMalgr\u00e9 le froid d\u2019automne, le Ballet Folklorique de Bahia a \u00e9chauff\u00e9 la soir\u00e9e de l\u2019Anderson Theater en pr\u00e9sentant un spectacle de 90 minutes, sans intervalle, dans une salle absolument pleine. La compagnie a su capter les sentiments, le d\u00e9cor et la sonorit\u00e9 de la culture br\u00e9silienne, riche et vibrante. Toute la sc\u00e8ne se couvrait de vie avec ces musiciens, chanteurs et danseurs si \u00e9nergiques de l\u2019extraordinaire compagnie bahianaise&#8230;\u201d<\/p><\/blockquote>\n<p class=\"assinatura\">Sun Bulletin \u2013 USA.<\/p>\n<blockquote><p>\u201cBravoure br\u00e9silienne! Au Br\u00e9sil tout le monde danse, mais personne ne saurait danser, sambater ou jouer la capoeira comme le font ces danseurs du Ballet Folklorique de Bahia\u2026\u201d<\/p><\/blockquote>\n<p class=\"assinatura\">The Washington Post \u2013 USA.<\/p>\n<blockquote><p>\u201cLes feux d\u2019artifice et les prouesses du Br\u00e9sil. Et\u00e9ignez l\u2019\u00e9lectricit\u00e9, les danseurs du Ballet Folklorique de Bahia se chargeront de fournir toute l\u2019\u00e9nergie n\u00e9cessaire pour le show. On s\u2019\u00e9bahit \u00e0 chaque saut des danseurs sur la sc\u00e8ne. Il sera diffice de trouver un groupe de danseurs capable de r\u00e9aliser de telles prouesses de mani\u00e8re si parfaite&#8230;\u201d<\/p><\/blockquote>\n<p class=\"assinatura\">The Orange Country Register \u2013 USA.<\/p>\n<blockquote><p>\u201cAvec un spectacle de couleurs, mouvements et d\u2019interpr\u00e9tation, le Ballet Folklorique de Bahia a prouv\u00e9 que l\u2019Etat le plus c\u00e9l\u00e8bre du Nord-est du pays ne produit pas uniquement de grands chanteurs. Il est facile de voir pourquoi c\u2019est la meilleure compagnie du Br\u00e9sil. En plus de montrer , plein de fiert\u00e9, les danses d\u2019une forme \u00e9nerg\u00e9tique et pr\u00e9cise, le groupe se pr\u00e9sente avec une telle passion qui exprime un aspect important de la forme d\u2019art int\u00e9gral touv\u00e9 dans tous les genres africains. C\u2019est un show en soi-m\u00eame&#8230;\u201d<\/p><\/blockquote>\n<p class=\"assinatura\">Chicago Sun-Times \u2013 USA.<\/p>\n<blockquote><p>&#8220;Pour ces exub\u00e9rants et apparemment infatigables danseurs, musiciens et chanteurs du Ballet Folklorique de Bahia, l\u2019ovation finale n\u2019\u00e9tait qu\u2019une nouvelle entr\u00e9e&#8230;\u201d<\/p><\/blockquote>\n<p class=\"assinatura\">The Sacramento Bee \u2013 USA.<\/p>\n<blockquote><p>\u201cDes corps qui se choquent et des esprits qui planent. Les danseurs ont r\u00e9alis\u00e9, dans le meilleur des sens, un vrai spectacle\u2026\u201d<\/p><\/blockquote>\n<p class=\"assinatura\">The New York Times \u2013 USA.<\/p>\n<blockquote><p>\u201c\u2026Si vous n\u2019avez jamais eu l\u2019occasion d\u2019\u00eatre pr\u00e8s de la bouche d\u2019un volcan en \u00e9bullition, il vaut mieux ne pas y aller. Mais si vous y \u00eates d\u00e9j\u00e0, profitez-en et jetez un coup d\u2019oeil l\u00e0 dedans. Voil\u00e0 l\u2019impression qu\u2019on a\u00a0 lorsqu\u2019on voit le spectacle du Ballet Folklorique de Bahia&#8230;\u201d<\/p><\/blockquote>\n<p class=\"assinatura\">The Australian \u2013 Australie.<\/p>\n<blockquote><p>\u201cExub\u00e9rants, infatigables et virtuoses, les danseurs, chanteurs et musiciens de cette extraordinaire compagnie ont explos\u00e9 avec des rythmes afro-br\u00e9siliens, leurs h\u00e9ritages majeurs. Comme preuve de courage, le Maculel\u00ea avec ses b\u00e2tons et les lames \u00e9tincelantes et la Capoeira avec ses sauts et les coups volants, ont \u00e9t\u00e9 \u00e9lectrisants. Et, en plus, on ne pourrait pas \u00eatre immunis\u00e9 contre ce rythme contagieux qu\u2019est la Samba Reggae\u2026\u201d<\/p><\/blockquote>\n<p class=\"assinatura\">Anna Kisselgoff, The New York Times \u2013 USA.<\/p>\n<blockquote><p>\u201cS\u2019il y a encore quelqu\u2019un qui pense que le corps bronz\u00e9 de la Garota de Ipanema repr\u00e9sente le Br\u00e9sil entier, il devrait changer d\u2019avis apr\u00e8s les d\u00e9buts du Ballet Folklorique de Bahia au City Center, \u00e0 New York&#8230;\u201d<\/p><\/blockquote>\n<p class=\"assinatura\">Anna Kisselgoff, The New York Times \u2013 USA.<\/p>\n<blockquote><p>\u201cIl s\u2019est pass\u00e9 quelque chose au Br\u00e9sil, qui n\u2019a \u00e9t\u00e9 rien de plus que la rencontre particuli\u00e8rement heureuse entre la longue impulsion m\u00e9lodique de la sensibilit\u00e9 latine et l\u2019\u00e9nergie propulsive de la musique africaine. Ces danseurs meuvent les battements du coeur d\u2019une nation. La pulsation exub\u00e9rante de la samba a d\u00e9pass\u00e9 la rampe et le public est all\u00e9 danser dans les couloirs&#8230;\u201d<\/p><\/blockquote>\n<p class=\"assinatura\">San Francisco Chronicle \u2013 USA.<\/p>\n<blockquote><p>\u201cLe carnaval pr\u00e9sent\u00e9 en chor\u00e9graphie, la danse des esclaves (Maculel\u00ea), la capoeira (danse avec des hauts coups qui est aussi l\u2019une des formes d\u2019arts matiaux) et, surtout, la joie de la samba, voil\u00e0 pourquoi il faut absolument voir ce groupe br\u00e9silien, si exub\u00e9rant et exclusif&#8230;\u201d<\/p><\/blockquote>\n<p class=\"assinatura\">Anna Kisselgoff, The New York Times \u2013 USA.<\/p>\n<blockquote><p>\u201cEt, vive Bahia. L\u2019Auditorium Maurice Ravel a \u00e9t\u00e9 transfigur\u00e9 par un ballet plein de flamme et de fureur&#8230;\u201d<\/p><\/blockquote>\n<p class=\"assinatura\">Le Progr\u00e8s \u2013 France.<\/p>\n","protected":false},"excerpt":{"rendered":"<p>PRIX FIAT offert par la soci\u00e9t\u00e9 Fiat du Br\u00e9sil \u00e0 la meilleure compagnie de danse du pays pour l\u2019ann\u00e9e 1990. PRIX EST\u00cdMULO offert par le Minist\u00e8re de la Culture \u00e0\u00a0 la meilleure compagnie de danse du pays et au meilleur spectacle de danse du pays pour l\u2019ann\u00e9e 1993. PRIX MAMBEMB\u00c3O offert par le Minist\u00e8re de [&hellip;]<\/p>\n","protected":false},"author":1,"featured_media":771,"parent":0,"menu_order":0,"comment_status":"closed","ping_status":"closed","template":"","meta":{"footnotes":""},"class_list":["post-114","page","type-page","status-publish","has-post-thumbnail","hentry"],"_links":{"self":[{"href":"https:\/\/balefolcloricodabahia.com.br\/site\/wp-json\/wp\/v2\/pages\/114","targetHints":{"allow":["GET"]}}],"collection":[{"href":"https:\/\/balefolcloricodabahia.com.br\/site\/wp-json\/wp\/v2\/pages"}],"about":[{"href":"https:\/\/balefolcloricodabahia.com.br\/site\/wp-json\/wp\/v2\/types\/page"}],"author":[{"embeddable":true,"href":"https:\/\/balefolcloricodabahia.com.br\/site\/wp-json\/wp\/v2\/users\/1"}],"replies":[{"embeddable":true,"href":"https:\/\/balefolcloricodabahia.com.br\/site\/wp-json\/wp\/v2\/comments?post=114"}],"version-history":[{"count":7,"href":"https:\/\/balefolcloricodabahia.com.br\/site\/wp-json\/wp\/v2\/pages\/114\/revisions"}],"predecessor-version":[{"id":654,"href":"https:\/\/balefolcloricodabahia.com.br\/site\/wp-json\/wp\/v2\/pages\/114\/revisions\/654"}],"wp:featuredmedia":[{"embeddable":true,"href":"https:\/\/balefolcloricodabahia.com.br\/site\/wp-json\/wp\/v2\/media\/771"}],"wp:attachment":[{"href":"https:\/\/balefolcloricodabahia.com.br\/site\/wp-json\/wp\/v2\/media?parent=114"}],"curies":[{"name":"wp","href":"https:\/\/api.w.org\/{rel}","templated":true}]}}