{"id":129,"date":"2017-10-20T19:20:09","date_gmt":"2017-10-20T19:20:09","guid":{"rendered":"http:\/\/www.balefolcloricodabahia.com.br\/site\/?page_id=129"},"modified":"2026-02-26T21:03:09","modified_gmt":"2026-02-27T00:03:09","slug":"agenda","status":"publish","type":"page","link":"https:\/\/balefolcloricodabahia.com.br\/site\/pt\/agenda\/","title":{"rendered":"Agenda"},"content":{"rendered":"<h1>Programa\u00e7\u00e3o &#8211; 2026<\/h1>\n<h3>ESPET\u00c1CULO PERMANENTE<\/h3>\n<h3>Apresenta\u00e7\u00f5es:<br \/>\nSegundas, quartas e sextas &#8211; \u00e0s 19h<\/h3>\n<p><strong>Ingressos:<\/strong> R$ 120<\/p>\n<p><strong>Compra antecipada e reservas online<br \/>\n<\/strong>Solicite por e-mail: <strong><a href=\"mailto:w.botelho@terra.com.br\">w.botelho@terra.com.br<\/a><\/strong> \/<strong><a href=\"mailto:fundacaobfb@gmail.com\">fundacaobfb@gmail.com<\/a><\/strong><\/p>\n<p><strong>Bilheteria:<\/strong> diariamente a partir das 15h<br \/>\n(71) 3322-1962 ou 3321-3611 (<strong>das 14h \u00e0s 18h<\/strong>)<\/p>\n<p><strong>Local:<br \/>\n<\/strong>Teatro Miguel Santana<br \/>\nRua Maciel de Baixo, 49<br \/>\nPelourinho, Salvador &#8211; Bahia<\/p>\n<h3>OFICINAS<\/h3>\n<p><img loading=\"lazy\" decoding=\"async\" class=\"alignnone wp-image-1246\" src=\"http:\/\/balefolcloricodabahia.com.br\/site\/wp-content\/uploads\/2026\/02\/bale-jr-2025-1-819x1024.png\" alt=\"\" width=\"640\" height=\"800\" srcset=\"https:\/\/balefolcloricodabahia.com.br\/site\/wp-content\/uploads\/2026\/02\/bale-jr-2025-1-819x1024.png 819w, https:\/\/balefolcloricodabahia.com.br\/site\/wp-content\/uploads\/2026\/02\/bale-jr-2025-1-240x300.png 240w, https:\/\/balefolcloricodabahia.com.br\/site\/wp-content\/uploads\/2026\/02\/bale-jr-2025-1-768x960.png 768w, https:\/\/balefolcloricodabahia.com.br\/site\/wp-content\/uploads\/2026\/02\/bale-jr-2025-1.png 1080w\" sizes=\"auto, (max-width: 640px) 100vw, 640px\" \/><\/p>\n<p><img loading=\"lazy\" decoding=\"async\" class=\"alignnone wp-image-1248\" src=\"http:\/\/balefolcloricodabahia.com.br\/site\/wp-content\/uploads\/2026\/02\/oficina-19h.png\" alt=\"\" width=\"640\" height=\"800\" srcset=\"https:\/\/balefolcloricodabahia.com.br\/site\/wp-content\/uploads\/2026\/02\/oficina-19h.png 1080w, https:\/\/balefolcloricodabahia.com.br\/site\/wp-content\/uploads\/2026\/02\/oficina-19h-240x300.png 240w, https:\/\/balefolcloricodabahia.com.br\/site\/wp-content\/uploads\/2026\/02\/oficina-19h-819x1024.png 819w, https:\/\/balefolcloricodabahia.com.br\/site\/wp-content\/uploads\/2026\/02\/oficina-19h-768x960.png 768w\" sizes=\"auto, (max-width: 640px) 100vw, 640px\" \/><\/p>\n<h1><strong>Sobre o acesso \u00e0 meia-entrada<\/strong><\/h1>\n<p>O benef\u00edcio do pagamento de meia-entrada \u00e9 garantido a estudantes, idosos e pessoas com defici\u00eancia, com apresenta\u00e7\u00e3o de documento, conforme descrito abaixo.<br \/>\nIMPORTANTE: A concess\u00e3o do direito ao benef\u00edcio da meia-entrada \u00e9 assegurada em 30% do total dos ingressos dispon\u00edveis para o evento. Depois de preenchida esta cota na sess\u00e3o, todos devem pagar o valor integral.<\/p>\n<p><strong>Documentos para ter acesso \u00e0 meia-entrada:<\/strong><\/p>\n<p><strong>Estudantes regularmente matriculados<\/strong> em estabelecimentos de ensino de primeiro, segundo e terceiro grau, \u00e9 necess\u00e1rio apresentar Carteira estudantil emitida no Brasil (com data de vig\u00eancia, curso, n\u00famero de documento de identifica\u00e7\u00e3o, nome da institui\u00e7\u00e3o e foto) e documento de identidade original com foto.<\/p>\n<p><strong>Idosos acima de 60 anos<\/strong> devem apresentar documento de identidade original com foto (data de emiss\u00e3o inferior a 10 anos).<\/p>\n<p><strong>Pessoas com necessidades especiais (PNE) e um acompanhante<\/strong>, t\u00eam direito a meia-entrada apresentando o Cart\u00e3o do Seguro Social, de aposentadoria ou Laudo do INSS com a comprova\u00e7\u00e3o da defici\u00eancia atestando a aposentadoria por invalidez e documento de identidade original com foto.<\/p>\n","protected":false},"excerpt":{"rendered":"<p>Programa\u00e7\u00e3o &#8211; 2026 ESPET\u00c1CULO PERMANENTE Apresenta\u00e7\u00f5es: Segundas, quartas e sextas &#8211; \u00e0s 19h Ingressos: R$ 120 Compra antecipada e reservas online Solicite por e-mail: w.botelho@terra.com.br \/fundacaobfb@gmail.com Bilheteria: diariamente a partir das 15h (71) 3322-1962 ou 3321-3611 (das 14h \u00e0s 18h) Local: Teatro Miguel Santana Rua Maciel de Baixo, 49 Pelourinho, Salvador &#8211; Bahia OFICINAS Sobre [&hellip;]<\/p>\n","protected":false},"author":1,"featured_media":625,"parent":0,"menu_order":0,"comment_status":"closed","ping_status":"closed","template":"","meta":{"footnotes":""},"class_list":["post-129","page","type-page","status-publish","has-post-thumbnail","hentry"],"_links":{"self":[{"href":"https:\/\/balefolcloricodabahia.com.br\/site\/wp-json\/wp\/v2\/pages\/129","targetHints":{"allow":["GET"]}}],"collection":[{"href":"https:\/\/balefolcloricodabahia.com.br\/site\/wp-json\/wp\/v2\/pages"}],"about":[{"href":"https:\/\/balefolcloricodabahia.com.br\/site\/wp-json\/wp\/v2\/types\/page"}],"author":[{"embeddable":true,"href":"https:\/\/balefolcloricodabahia.com.br\/site\/wp-json\/wp\/v2\/users\/1"}],"replies":[{"embeddable":true,"href":"https:\/\/balefolcloricodabahia.com.br\/site\/wp-json\/wp\/v2\/comments?post=129"}],"version-history":[{"count":60,"href":"https:\/\/balefolcloricodabahia.com.br\/site\/wp-json\/wp\/v2\/pages\/129\/revisions"}],"predecessor-version":[{"id":1250,"href":"https:\/\/balefolcloricodabahia.com.br\/site\/wp-json\/wp\/v2\/pages\/129\/revisions\/1250"}],"wp:featuredmedia":[{"embeddable":true,"href":"https:\/\/balefolcloricodabahia.com.br\/site\/wp-json\/wp\/v2\/media\/625"}],"wp:attachment":[{"href":"https:\/\/balefolcloricodabahia.com.br\/site\/wp-json\/wp\/v2\/media?parent=129"}],"curies":[{"name":"wp","href":"https:\/\/api.w.org\/{rel}","templated":true}]}}