{"id":138,"date":"2017-10-20T19:25:10","date_gmt":"2017-10-20T19:25:10","guid":{"rendered":"http:\/\/www.balefolcloricodabahia.com.br\/site\/?page_id=138"},"modified":"2018-03-23T16:06:05","modified_gmt":"2018-03-23T16:06:05","slug":"turnes","status":"publish","type":"page","link":"https:\/\/balefolcloricodabahia.com.br\/site\/pt\/turnes\/","title":{"rendered":"Turn\u00eas"},"content":{"rendered":"<h1>TURN\u00caS NACIONAIS<\/h1>\n<p><strong>BRASIL:<\/strong>\u00a0Belo Horizonte (MG), Bras\u00edlia (DF), Cama\u00e7ari (BA), Campina Grande (PB), Caruaru (PE), Curitiba (PR), Farroupilha (RS), Florian\u00f3polis (SC), Get\u00falio Vargas (RS), Itabuna (BA), Juazeiro (BA), Macei\u00f3 (AL), Palmares(AL), Paulo Afonso (BA), Passo Fundo (RS), Petrolina (PE), Porto Seguro (BA), Rio de Janeiro (RJ), S\u00e3o Crist\u00f3v\u00e3o (SE), S\u00e3o Carlos (SP), S\u00e3o Jos\u00e9 do Rio Preto (SP), S\u00e3o Paulo (SP), Santos (SP), Teresina(PI), Uberl\u00e2ndia (MG), Valen\u00e7a (BA), Vit\u00f3ria da Conquista (BA).<\/p>\n<h1>TURN\u00caS INTERNACIONAIS<\/h1>\n<p><strong>\u00c1FRICA DO SUL:<\/strong>\u00a0Cidade do Cabo, Durban, Johannesburgo.<\/p>\n<p><strong>ALEMANHA:<\/strong> Berlim, Ludwigshafen, Hannover.<\/p>\n<p><strong>ARUBA:<\/strong>\u00a0Oranjestad.<\/p>\n<p><strong>AUSTR\u00c1LIA:<\/strong> Sydney, Adelaide.<\/p>\n<p><strong>B\u00c9LGICA:<\/strong>\u00a0Bruxelas.<\/p>\n<p><strong>CANAD\u00c1:<\/strong>\u00a0Berrie (Ont\u00e1rio), Montreal (Quebec), Toronto (Ont\u00e1rio), Victoria (British Columbia).<\/p>\n<p><strong>CHILE:<\/strong>\u00a0Santiago, Valpara\u00edso, Vi\u00f1a del Mar.<\/p>\n<p><strong>COL\u00d4MBIA:<\/strong>\u00a0Bogot\u00e1.<\/p>\n<p><strong>DINAMARCA:<\/strong>\u00a0Copenhagen.<\/p>\n<p><strong>ESTADOS UNIDOS:<\/strong>\u00a0Albuquerque (New Mexico), Amherst (Massachusetts), Ann Arbor (Minnesota), Arcata (California), Atlanta (Georgia), Austin (Texas), Berkeley (California), Binghamton (New York), Birmingham (Alabama), Boone (North Carolina), Boston (Massachusetts), Buffalo (New York), Burlington (Vermont), Cambridge (Massachusetts), Carmel (California), Charleston (South Carolina), Cheverly (Maryland), Chicago (Illinois), Chico (California), Cleremont (California), Cleveland (Ohio), Cleveland (Missouri), Clinton Township (Minnesota), Columbus (Ohio), Corpus Christi (Texas), Corvalis (Oregon), Costa Mesa (California), Dallas (Texas), Danville (Kentucky), Dartmouth (Massachusetts), Davis (California), Dayton (Ohio), Decatur (Illinois), Detroit (Michigan), Durham (North Carolina), East Lansing (Michigan),East Leasing (Minnesota), Elmira (New York), El Paso (Texas), Emeryville (California), Fairfax (Virginia), Flagstaff (Arizona), Flushing (New York), Fort Wayne (Indianna), Fresno (California), Geneva (New York), Gilroy (California), Glendale (California), Glendora (California), Goleta (California), Greenwood (South Carolina), Hampton (Virginia), Hanover (New Hampshire), Hollywood (California), Houston (Texas), Irvine (California), Kennewick (Washington), Lafayette (Louisiana), Lincoln (Nebraska), Livermore (California), Long Beach (Florida), Louisville (Kentucky), Los Angeles (California), Macon (Georgia), Malibu (California), Memphis (Tennessee), Miami (Florida), Minneapolis (Minnesota), Monmouth (Oregon), Muncie (Indianna), Newark (New Jersey), Newberry (South Carolina), New London (Connecticut), New York (New York), Norfolk (Virginia), Orono (Massachusetts), Palm Desert (California), Philadelphia (Pennsylvania), Phoenix (Arizona), Pittsburgh (Pennsylvania), Port Angels (Washington), Portland (Maine), Portland (Oregon), Princeton (New Jersey), Providence (Rhode Island), Purchase (New York), Richmond (Virginia), Rochester (New York), Sacramento (California), San Antonio (Texas), San Luis Obispo (California), San Rafael (California), Santa Barbara (California), Santa Fe (New Mexico), Santa Rosa (California), Scottsdale (Arizona), Seattle (Washington), Storrs (Connecticut), Stony Brook (New York), Tacoma (Washington), Terre Haute (Indianna), Toledo (Ohio), Tucson (Arizona), University Park (Pennsylvania), Virginia Beach (Virginia), Washington DC, West Palm (Florida), Wilmington (Delaware).<\/p>\n<p><strong>FINL\u00c2NDIA:<\/strong>\u00a0Helsinki, Kuopio.<\/p>\n<p><strong>FRAN\u00c7A:<\/strong> Annonay, Blagnac, Clamart, Chateauroux, Confolens, Evry, Herblay, Le Mans, Lyon, Maison-Alfort, Metz, Montpellier, Niort, Paris, Privas, Sens, Soissons, Saint Germain-en-Laye, Saint Nazaire, Saint Quentin-en-Yvelines.<\/p>\n<p><strong>GUADELOUPE:<\/strong>\u00a0Pointe-a-Pitre.<\/p>\n<p><strong>HOLANDA:<\/strong>\u00a0Amsterdam, Breda, Den Haag, Drachten, Groningen, Haarlem, Leeuwarden, Maastricht, Meervaart, Rotterdam, Utrecht.<\/p>\n<p><strong>INGLATERRA:<\/strong>\u00a0Londres.<\/p>\n<p><strong>IT\u00c1LIA:<\/strong>\u00a0Reggio Emilia, Torino, Verona.<\/p>\n<p><strong>M\u00c9XICO:<\/strong> Cidade do M\u00e9xico, Veracruz, Yanga .<\/p>\n<p><strong>NOVA ZEL\u00c2NDIA:<\/strong>\u00a0Dunedin.<\/p>\n<p><strong>PORTO RICO:<\/strong>\u00a0San Juan.<\/p>\n<p><strong>PORTUGAL:<\/strong>\u00a0Lisboa.<\/p>\n<p><strong>SU\u00cd\u00c7A:<\/strong>\u00a0Fribourg.<\/p>\n<p><strong>SU\u00c9CIA:<\/strong>\u00a0Estocolmo.<\/p>\n<p><strong>TOGO:<\/strong>\u00a0Agbodrafo, Aneh\u00f2, Atoet\u00e1, Glidji, Klouvidonou, Lom\u00e8.<\/p>\n<p><strong>TRINIDAD &amp; TOBAGO:<\/strong>\u00a0Port of Spain, Scarborought.<\/p>\n<div class=\"subnav\"><a href=\"http:\/\/www.balefolcloricodabahia.com.br\/site\/pt\/history\/\">Voltar<\/a><\/div>\n","protected":false},"excerpt":{"rendered":"<p>TURN\u00caS NACIONAIS BRASIL:\u00a0Belo Horizonte (MG), Bras\u00edlia (DF), Cama\u00e7ari (BA), Campina Grande (PB), Caruaru (PE), Curitiba (PR), Farroupilha (RS), Florian\u00f3polis (SC), Get\u00falio Vargas (RS), Itabuna (BA), Juazeiro (BA), Macei\u00f3 (AL), Palmares(AL), Paulo Afonso (BA), Passo Fundo (RS), Petrolina (PE), Porto Seguro (BA), Rio de Janeiro (RJ), S\u00e3o Crist\u00f3v\u00e3o (SE), S\u00e3o Carlos (SP), S\u00e3o Jos\u00e9 do Rio [&hellip;]<\/p>\n","protected":false},"author":1,"featured_media":352,"parent":0,"menu_order":0,"comment_status":"closed","ping_status":"closed","template":"","meta":{"footnotes":""},"class_list":["post-138","page","type-page","status-publish","has-post-thumbnail","hentry"],"_links":{"self":[{"href":"https:\/\/balefolcloricodabahia.com.br\/site\/wp-json\/wp\/v2\/pages\/138","targetHints":{"allow":["GET"]}}],"collection":[{"href":"https:\/\/balefolcloricodabahia.com.br\/site\/wp-json\/wp\/v2\/pages"}],"about":[{"href":"https:\/\/balefolcloricodabahia.com.br\/site\/wp-json\/wp\/v2\/types\/page"}],"author":[{"embeddable":true,"href":"https:\/\/balefolcloricodabahia.com.br\/site\/wp-json\/wp\/v2\/users\/1"}],"replies":[{"embeddable":true,"href":"https:\/\/balefolcloricodabahia.com.br\/site\/wp-json\/wp\/v2\/comments?post=138"}],"version-history":[{"count":5,"href":"https:\/\/balefolcloricodabahia.com.br\/site\/wp-json\/wp\/v2\/pages\/138\/revisions"}],"predecessor-version":[{"id":672,"href":"https:\/\/balefolcloricodabahia.com.br\/site\/wp-json\/wp\/v2\/pages\/138\/revisions\/672"}],"wp:featuredmedia":[{"embeddable":true,"href":"https:\/\/balefolcloricodabahia.com.br\/site\/wp-json\/wp\/v2\/media\/352"}],"wp:attachment":[{"href":"https:\/\/balefolcloricodabahia.com.br\/site\/wp-json\/wp\/v2\/media?parent=138"}],"curies":[{"name":"wp","href":"https:\/\/api.w.org\/{rel}","templated":true}]}}