{"id":141,"date":"2017-10-20T19:27:09","date_gmt":"2017-10-20T19:27:09","guid":{"rendered":"http:\/\/www.balefolcloricodabahia.com.br\/site\/?page_id=141"},"modified":"2018-04-24T14:35:16","modified_gmt":"2018-04-24T17:35:16","slug":"tournees","status":"publish","type":"page","link":"https:\/\/balefolcloricodabahia.com.br\/site\/fr\/tournees\/","title":{"rendered":"Tourn\u00e9es"},"content":{"rendered":"<h1>TOURN\u00c9ES NATIONALES<\/h1>\n<p><strong>BR\u00c9SIL:<\/strong>\u00a0Belo Horizonte (MG), Bras\u00edlia (DF), Cama\u00e7ari (BA), Campina Grande (PB), Caruaru (PE), Curitiba (PR), Farroupilha (RS), Florian\u00f3polis (SC), Get\u00falio Vargas (RS), Itabuna (BA), Juazeiro (BA), Macei\u00f3 (AL), Palmares(AL), Paulo Afonso (BA), Passo Fundo (RS), Petrolina (PE), Porto Seguro (BA), Rio de Janeiro (RJ), S\u00e3o Crist\u00f3v\u00e3o (SE), S\u00e3o Carlos (SP), S\u00e3o Jos\u00e9 do Rio Preto (SP), S\u00e3o Paulo (SP), Santos (SP), Teresina(PI), Uberl\u00e2ndia (MG), Valen\u00e7a (BA), Vit\u00f3ria da Conquista (BA).<\/p>\n<h1>TOURN\u00c9ES INTERNATIONALES<\/h1>\n<p><strong>AFRIQUE DU SUD:<\/strong>\u00a0Cape Town, Durban, Johannesburg.<\/p>\n<p><strong>ALLEMAGNE:<\/strong>\u00a0Berlim, Hannover, Ludwigshafen.<\/p>\n<p><strong>ANGLETERRE:<\/strong>\u00a0Londres.<\/p>\n<p><strong>ARUBA:<\/strong> Oranjestad.<\/p>\n<p><strong>AUSTRALIE:<\/strong> Sydney, Adelaide.<\/p>\n<p><strong>BELGIQUE:<\/strong> Bruxelles.<\/p>\n<p><strong>CANADA:<\/strong>\u00a0Berrie (Ontario), Montreal (Quebec), Toronto (Ontario), Victoria (British Columbia).<\/p>\n<p><strong>CHILE:<\/strong>\u00a0Santiago, Valpara\u00edso, Vi\u00f1a del Mar.<\/p>\n<p><strong>COLOMBIE:<\/strong>\u00a0Bogota.<\/p>\n<p><strong>DANEMARK:<\/strong> Copenhagen.<\/p>\n<p><strong>ETATS UNIS:<\/strong>\u00a0Albuquerque (New Mexico), Amherst (Massachusetts), Ann Arbor (Minnesota), Arcata (California), Atlanta (Georgia), Austin (Texas), Berkeley (California), Binghamton (New York), Birmingham (Alabama), Boone (North Carolina), Boston (Massachusetts), Buffalo (New York), Burlington (Vermont), Cambridge (Massachusetts), Carmel (California), Charleston (South Carolina), Cheverly (Maryland), Chicago (Illinois), Chico (California), Cleremont (California), Cleveland (Ohio), Cleveland (Missouri), Clinton Township (Minnesota), Columbus (Ohio), Corpus Christi (Texas), Corvalis (Oregon), Costa Mesa (California), Dallas (Texas), Danville (Kentucky), Dartmouth (Massachusetts), Davis (California), Dayton (Ohio), Decatur (Illinois), Detroit (Michigan), Durham (North Carolina), East Lansing (Michigan),East Leasing (Minnesota), Elmira (New York), El Paso (Texas), Emeryville (California), Fairfax (Virginia), Flagstaff (Arizona), Flushing (New York), Fort Wayne (Indianna), Fresno (California), Geneva (New York), Gilroy (California), Glendale (California), Glendora (California), Goleta (California), Greenwood (South Carolina), Hampton (Virginia), Hanover (New Hampshire), Hollywood (California), Houston (Texas), Irvine (California), Kennewick (Washington), Lafayette (Louisiana), Lincoln (Nebraska), Livermore (California), Long Beach (Florida), Louisville (Kentucky), Los Angeles (California), Macon (Georgia), Malibu (California), Memphis (Tennessee), Miami (Florida), Minneapolis (Minnesota), Monmouth (Oregon), Muncie (Indianna), Newark (New Jersey), Newberry (South Carolina), New London (Connecticut), New York (New York), Norfolk (Virginia), Orono (Massachusetts), Palm Desert (California), Philadelphia (Pennsylvania), Phoenix (Arizona), Pittsburgh (Pennsylvania), Port Angels (Washington), Portland (Maine), Portland (Oregon), Princeton (New Jersey), Providence (Rhode Island), Purchase (New York), Richmond (Virginia), Rochester (New York), Sacramento (California), San Antonio (Texas), San Luis Obispo (California), San Rafael (California), Santa Barbara (California), Santa Fe (New Mexico), Santa Rosa (California), Scottsdale (Arizona), Seattle (Washington), Storrs (Connecticut), Stony Brook (New York), Tacoma (Washington), Terre Haute (Indianna), Toledo (Ohio), Tucson (Arizona), University Park (Pennsylvania), Virginia Beach (Virginia), Washington DC, West Palm (Florida), Wilmington (Delaware).<\/p>\n<p><strong>FRANCE:<\/strong>\u00a0Annonay, Blagnac, Clamart, Chateauroux, Confolens, Evry, Herblay, Le Mans, Lyon, Maison-Alfort, Metz, Montpellier, Niort, Paris, Privas, Sens, Soissons, Saint Germain-en-Laye, Saint Nazaire, Saint Quentin-en-Yvelines.<\/p>\n<p><strong>GUADELOUPE:<\/strong>\u00a0Pointe-a-Pitre.<\/p>\n<p><strong>ITALIE:<\/strong>\u00a0Reggio Emilia, Turin, Verona.<\/p>\n<p><strong>MEXIQUE:<\/strong>\u00a0Ciudad de Mexico, Veracruz, Yanga.<\/p>\n<p><strong>NOUVELLE-Z\u00c9LANDE:<\/strong>\u00a0Dunedin.<\/p>\n<p><strong>PAYS-BAS:<\/strong> Amsterdam, Breda, Den Haag, Drachten, Groningen, Haarlem, Leeuwarden, Maastrcht, Rotterdam, Utrecht.<\/p>\n<p><strong>PORTO RICO:<\/strong> San Juan.<\/p>\n<p><strong>PORTUGAL:<\/strong>\u00a0Lisboa.<\/p>\n<p><strong>SU\u00c8DE:<\/strong>\u00a0Stockholm.<\/p>\n<p><strong>SUISSE:<\/strong> Fribourg.<\/p>\n<p><strong>TOGO:<\/strong> Agbodrafo, Aneh\u00f2, Atoet\u00e1, Glidji, Klouvidonou, Lom\u00e8.<\/p>\n<p><strong>TRINIDAD &amp; TOBAGO:<\/strong> Porto of Spain, Scarborought.<\/p>\n<div class=\"subnav\"><a href=\"http:\/\/www.balefolcloricodabahia.com.br\/site\/fr\/histoire-2\/\">Revenir<\/a><\/div>\n","protected":false},"excerpt":{"rendered":"<p>TOURN\u00c9ES NATIONALES BR\u00c9SIL:\u00a0Belo Horizonte (MG), Bras\u00edlia (DF), Cama\u00e7ari (BA), Campina Grande (PB), Caruaru (PE), Curitiba (PR), Farroupilha (RS), Florian\u00f3polis (SC), Get\u00falio Vargas (RS), Itabuna (BA), Juazeiro (BA), Macei\u00f3 (AL), Palmares(AL), Paulo Afonso (BA), Passo Fundo (RS), Petrolina (PE), Porto Seguro (BA), Rio de Janeiro (RJ), S\u00e3o Crist\u00f3v\u00e3o (SE), S\u00e3o Carlos (SP), S\u00e3o Jos\u00e9 do Rio [&hellip;]<\/p>\n","protected":false},"author":1,"featured_media":352,"parent":0,"menu_order":0,"comment_status":"closed","ping_status":"closed","template":"","meta":{"footnotes":""},"class_list":["post-141","page","type-page","status-publish","has-post-thumbnail","hentry"],"_links":{"self":[{"href":"https:\/\/balefolcloricodabahia.com.br\/site\/wp-json\/wp\/v2\/pages\/141","targetHints":{"allow":["GET"]}}],"collection":[{"href":"https:\/\/balefolcloricodabahia.com.br\/site\/wp-json\/wp\/v2\/pages"}],"about":[{"href":"https:\/\/balefolcloricodabahia.com.br\/site\/wp-json\/wp\/v2\/types\/page"}],"author":[{"embeddable":true,"href":"https:\/\/balefolcloricodabahia.com.br\/site\/wp-json\/wp\/v2\/users\/1"}],"replies":[{"embeddable":true,"href":"https:\/\/balefolcloricodabahia.com.br\/site\/wp-json\/wp\/v2\/comments?post=141"}],"version-history":[{"count":5,"href":"https:\/\/balefolcloricodabahia.com.br\/site\/wp-json\/wp\/v2\/pages\/141\/revisions"}],"predecessor-version":[{"id":779,"href":"https:\/\/balefolcloricodabahia.com.br\/site\/wp-json\/wp\/v2\/pages\/141\/revisions\/779"}],"wp:featuredmedia":[{"embeddable":true,"href":"https:\/\/balefolcloricodabahia.com.br\/site\/wp-json\/wp\/v2\/media\/352"}],"wp:attachment":[{"href":"https:\/\/balefolcloricodabahia.com.br\/site\/wp-json\/wp\/v2\/media?parent=141"}],"curies":[{"name":"wp","href":"https:\/\/api.w.org\/{rel}","templated":true}]}}