{"id":487,"date":"2017-11-23T21:33:33","date_gmt":"2017-11-23T21:33:33","guid":{"rendered":"http:\/\/www.balefolcloricodabahia.com.br\/site\/?page_id=487"},"modified":"2018-04-23T17:52:32","modified_gmt":"2018-04-23T20:52:32","slug":"premios-e-criticas-es","status":"publish","type":"page","link":"https:\/\/balefolcloricodabahia.com.br\/site\/es\/premios-e-criticas-es\/","title":{"rendered":"Premios e Criticas"},"content":{"rendered":"<p><strong>PREMIO FIAT<\/strong><br \/>\notorgado por la Fiat de Brasil, a la mejor compa\u00f1\u00eda de danza del pa\u00eds en 1990.<\/p>\n<p><strong>PREMIO EST\u00cdMULO<\/strong><br \/>\notorgado por el Ministerio de Cultura, a la mejor compa\u00f1\u00eda de danza y por el mejor espect\u00e1culo de danza del pa\u00eds en 1993.<\/p>\n<p><strong>PREMIO MAMBEMB\u00c3O<\/strong><br \/>\notorgado por el Ministerio de Cultura, a la mejor investigaci\u00f3n art\u00edstica en cultura popular y mejor preparaci\u00f3n t\u00e9cnica del elenco en 1996.<\/p>\n<p><strong>PREMIO BOM DO BRASIL<\/strong><br \/>\notorgado por la Varig, a uno de los cincos mejores proyectos socio-culturales existentes en el pa\u00eds en 2004.<\/p>\n<p><strong>PREMIO M\u00c9RITO AO TURISMO<\/strong><br \/>\notorgado\u00a0por la\u00a0ABRAJET &#8211; Associa\u00e7\u00e3o Brasileira de Jornalistas de Turismo, por sus buenos\u00a0 servicios\u00a0en pro del\u00a0turismo\u00a0y la cultura\u00a0en Bahia en 2006.<\/p>\n<hr \/>\n<blockquote><p>\u201cEl Bal\u00e9 Folcl\u00f3rico da Bahia hizo bailar al p\u00fablico. Al final de la funci\u00f3n, se\u00f1oras de edad bailaban contagiadas por el alto-voltaje que emanaba desde el escenario al p\u00fablico. Como uno de los patrocinadores dijo: \u2018Fue para esto que el Festival de Spoleto fue creado\u2019&#8230;\u201d<\/p><\/blockquote>\n<p class=\"assinatura\">The Post and Courier \u2013 USA.<\/p>\n<blockquote><p>\u201cEl placer que los bailarines, m\u00fasicos y cantantes sienten al hacer lo que ellos hacen sobre el escenario es tan obviamente parte de sus vidas que contagian todo el teatro. Mejores condiciones de trabajo han permitido a la compa\u00f1\u00eda profudizar en sus investigaciones art\u00edsticas. Los resultados son impresionantes y seductores. Los intervalos musicales incluyen un virtuoso concierto de Berimbau, presentado por Daniel Sousa, y una mezcla de canto, algo pop y tradicional, es incorporada por Dora Santana, que sigue m\u00e1s maravillosa que nunca. Las mujeres en la compa\u00f1\u00eda nunca son menos briosas que los hombres. Ellas no son \u2018Garotas de Ipanema\u2019 y eso marca una diferencia fuerte y clara &#8230;\u201d<\/p><\/blockquote>\n<p class=\"assinatura\">Anna Kisselgoff, The New York Times \u2013 USA.<\/p>\n<blockquote><p>\u201cUna nueva gira internacional trajo la compa\u00f1\u00eda esta noche con un nuevo programa y con una producci\u00f3n mucho m\u00e1s espectacular, que termin\u00f3 con el p\u00fablico siguiendo a los bailarines y m\u00fasicos para fuera del New Jersey Performing Arts Center. El ver al p\u00fablico bailando en la plaza externa del teatro no es ninguna sorpresa para quien ya ha visto alg\u00fan espect\u00e1culo del Bal\u00e9 Folcl\u00f3rico da Bahia&#8230;\u201d<\/p><\/blockquote>\n<p class=\"assinatura\">Anna Kisselgoff, The New York Times \u2013 USA.<\/p>\n<blockquote><p>\u201cUn poderoso Bal\u00e9 Folcl\u00f3rico llega a la ciudad. Usted lo podr\u00eda llamar de \u2018la explosi\u00f3n brasilera\u2019 o de Riverdance baiano. Como los millares de fans de esta compa\u00f1\u00eda podr\u00edan esperar, el espect\u00e1culo no termin\u00f3 hasta que todo el p\u00fablico estuviera a sus pies, bailando por los pasillos. Con el Bal\u00e9 Folcl\u00f3rico da Bahia todos los comentarios son en superlativos: el tiempo operacional es fren\u00e9tico, la din\u00e1mica numerosamente alta, los movimientos furiosos, los colores alucinantes. Nada es sutil. Nadie tuvo prisa para volver a casa&#8230;\u201d<\/p><\/blockquote>\n<p class=\"assinatura\">The Boston Globe \u2013 USA.<\/p>\n<blockquote><p>\u201cEl Bal\u00e9 Folcl\u00f3rico da Bahia realmente necesita un aviso de aquellos que dicen \u2018p\u00f3ngase su cintur\u00f3n de seguridad\u2019 antes de iniciar sus espect\u00e1culos. El show presentado ayer por la noche en el Shubert Theater fue uno de los m\u00e1s espectaculares que se ha visto en Boston. Las nuevas coreograf\u00edas de la compa\u00f1\u00eda mostraron vestuarios exuberantes, al punto de quedarse sin aire. Alguien que haya presenciado, recientemente, alg\u00fan espect\u00e1culo brasilero, podr\u00e1 sorprenderse con la pasi\u00f3n poli r\u00edtmica que poseen los integrantes de la compa\u00f1\u00eda, quienes honran a su nativa Bahia con sensualidad y atletismo.&#8221;<\/p><\/blockquote>\n<p class=\"assinatura\">Boston Herald \u2013 USA.<\/p>\n<blockquote><p>\u201cA pesar del fr\u00edo oto\u00f1al, el Bal\u00e9 Folcl\u00f3rico da Bahia trajo calor a la noche del Anderson Theater, presentando un espect\u00e1culo de 90 minutos, sin intervalos, con la casa llena. La compa\u00f1\u00eda supo captar los sentimientos, la visualidad y la sonoridad de una rica y vibrante cultura brasilera. El escenario estaba lleno de pura vida con los m\u00fasicos, cantantes y brillantes bailarines de esta extraordinaria compa\u00f1\u00eda baiana de danza&#8230;\u201d<\/p><\/blockquote>\n<p class=\"assinatura\">Sun Bulletin \u2013 USA.<\/p>\n<blockquote><p>\u201c\u00a1Ardor brasilero! En Brasil todos bailan, pero nadie baila zamba o hace capoeira de la misma forma que los bailarines del Bal\u00e9 Folcl\u00f3rico da Bahia&#8230;\u201d<\/p><\/blockquote>\n<p class=\"assinatura\">The Washington Post \u2013 USA.<\/p>\n<blockquote><p>\u201cFuegos artificiales y proezas de Brasil. Corten la energ\u00eda el\u00e9ctrica, los bailarines del Bal\u00e9 Folcl\u00f3rico da Bahia se encargan de dar electricidad al show. El p\u00fablico quedaba boquiabierto viendo como los bailarines saltaban sobre el escenario. Dif\u00edcilmente usted encontrar\u00e1 otro grupo de bailarines que pueda ejecutar tales proezas de la misma forma y de manera tan perfecta&#8230;\u201d<\/p><\/blockquote>\n<p class=\"assinatura\">The Orange Country Register \u2013 USA.<\/p>\n<blockquote><p>&#8220;Con una espectacular muestra de colores, movimientos e interpretaci\u00f3n, el Bal\u00e9 Folcl\u00f3rico da Bahia prob\u00f3 que el mas famoso estado del Noreste brasilero no produce solamente grandes cantantes. Es f\u00e1cil ver porque la compa\u00f1\u00eda es la mejor de Brasil. No apenas el grupo muestra, con mucho orgullo, los bailes con energ\u00eda y precisi\u00f3n, mas la pasi\u00f3n con que ellos se presentan, en cena, nos muestra un importante aspecto de la forma de arte integral que podemos encontrar en todos los g\u00e9neros africanos. Es un show que vale por s\u00ed mismo&#8230;&#8221;<\/p><\/blockquote>\n<p class=\"assinatura\">Chicago Sun-Times \u2013 USA.<\/p>\n<blockquote><p>&#8220;Para los exuberantes y aparentemente incansables bailarines, m\u00fasicos y cantantes del Bal\u00e9 Folcl\u00f3rico da Bahia, la ovaci\u00f3n final fue apenas un segundo inicio&#8230;&#8221;<\/p><\/blockquote>\n<p class=\"assinatura\" style=\"text-align: right;\"><strong>The Sacramento Bee \u2013 USA.<\/strong><\/p>\n<blockquote><p>\u201cLos cuerpos choc\u00e1ndose y los esp\u00edritus flotando. Los bailarines, por si solos, hicieron un espect\u00e1culo en el mejor de los sentidos&#8230;\u201d<\/p><\/blockquote>\n<p class=\"assinatura\">The New York Times \u2013 USA.<\/p>\n<blockquote><p>\u201c&#8230; Si usted nunca tuvo la oportunidad de estar pr\u00f3ximo a la boca de un volc\u00e1n en erupci\u00f3n, nunca quiera pasar por eso, pero se ya lo est\u00e1 no deje de aprovechar y dar una peque\u00f1a mirada por dentro. Esta es la sensaci\u00f3n que se tiene al ver el espect\u00e1culo del Bal\u00e9 Folcl\u00f3rico da Bahia&#8230;\u201d<\/p><\/blockquote>\n<p class=\"assinatura\">The Australian \u2013 Australie.<\/p>\n<blockquote><p>\u201cExuberantes, infatigables y virtuosos, los bailarines, cantantes y m\u00fasicos de esta extraordinaria compa\u00f1\u00eda llegaron, de manera explosiva, con sus ritmos afro-brasileros, que son sus principales herencias. Como muestra de bravura, el Maculel\u00ea con sus bastones y l\u00e1minas echando chispas, y la Capoeira, con sus saltos y golpes voladores, fueron electrizantes. Nadie puede quedar inmune al contagiante ritmo del Samba Reggae&#8230;\u201d<\/p><\/blockquote>\n<p class=\"assinatura\">Anna Kisselgoff, The New York Times \u2013 USA.<\/p>\n<blockquote><p>\u201cSe alguien piensa todav\u00eda que los tonos bronceados de la \u2018garota de ipanema\u2019 representan todo de Brasil, deber\u00eda cambiar de idea y de concepto despu\u00e9s de ver el estreno del Bal\u00e9 Folcl\u00f3rico da Bahia en New York, en el City Center&#8230;\u201d<\/p><\/blockquote>\n<p class=\"assinatura\">Anna Kisselgoff, The New York Times \u2013 USA.<\/p>\n<blockquote><p>\u201cAlgo pas\u00f3 en Brasil, y no fue nada mas que un particular y feliz encuentro entre el vasto impulso mel\u00f3dico de la sensibilidad latina, con la energ\u00eda explosiva de la m\u00fasica africana. Estos bailarines mueven los latidos del coraz\u00f3n de una naci\u00f3n. El pulsar exuberante del zamba ultrapas\u00f3 los l\u00edmites del escenario e hizo con que el p\u00fablico bailara en los pasillos.\u201d<\/p><\/blockquote>\n<p class=\"assinatura\">San Francisco Chronicle \u2013 USA.<\/p>\n<blockquote><p>&#8220;Con su carnaval coreografiado, el baile de esclavos (Maculel\u00ea) y la Capoeira (baile de golpes altos, tambi\u00e9n una forma de arte marcial), y sobretodo con la alegr\u00eda del zamba, este exuberante y \u00fanico grupo brasilero debe, absolutamente, ser visto&#8230;&#8221;<\/p><\/blockquote>\n<p class=\"assinatura\">Anna Kisselgoff, The New York Times \u2013 USA.<\/p>\n<blockquote><p>\u201cViva Bahia. El Auditorium Maurice Ravel fue transfigurado por un ballet flamante y de gran furor&#8230;\u201d<\/p><\/blockquote>\n<p class=\"assinatura\">Le Progr\u00e8s \u2013 France.<\/p>\n","protected":false},"excerpt":{"rendered":"<p>PREMIO FIAT otorgado por la Fiat de Brasil, a la mejor compa\u00f1\u00eda de danza del pa\u00eds en 1990. PREMIO EST\u00cdMULO otorgado por el Ministerio de Cultura, a la mejor compa\u00f1\u00eda de danza y por el mejor espect\u00e1culo de danza del pa\u00eds en 1993. PREMIO MAMBEMB\u00c3O otorgado por el Ministerio de Cultura, a la mejor investigaci\u00f3n [&hellip;]<\/p>\n","protected":false},"author":1,"featured_media":771,"parent":0,"menu_order":0,"comment_status":"closed","ping_status":"closed","template":"","meta":{"footnotes":""},"class_list":["post-487","page","type-page","status-publish","has-post-thumbnail","hentry"],"_links":{"self":[{"href":"https:\/\/balefolcloricodabahia.com.br\/site\/wp-json\/wp\/v2\/pages\/487","targetHints":{"allow":["GET"]}}],"collection":[{"href":"https:\/\/balefolcloricodabahia.com.br\/site\/wp-json\/wp\/v2\/pages"}],"about":[{"href":"https:\/\/balefolcloricodabahia.com.br\/site\/wp-json\/wp\/v2\/types\/page"}],"author":[{"embeddable":true,"href":"https:\/\/balefolcloricodabahia.com.br\/site\/wp-json\/wp\/v2\/users\/1"}],"replies":[{"embeddable":true,"href":"https:\/\/balefolcloricodabahia.com.br\/site\/wp-json\/wp\/v2\/comments?post=487"}],"version-history":[{"count":2,"href":"https:\/\/balefolcloricodabahia.com.br\/site\/wp-json\/wp\/v2\/pages\/487\/revisions"}],"predecessor-version":[{"id":655,"href":"https:\/\/balefolcloricodabahia.com.br\/site\/wp-json\/wp\/v2\/pages\/487\/revisions\/655"}],"wp:featuredmedia":[{"embeddable":true,"href":"https:\/\/balefolcloricodabahia.com.br\/site\/wp-json\/wp\/v2\/media\/771"}],"wp:attachment":[{"href":"https:\/\/balefolcloricodabahia.com.br\/site\/wp-json\/wp\/v2\/media?parent=487"}],"curies":[{"name":"wp","href":"https:\/\/api.w.org\/{rel}","templated":true}]}}