{"id":86,"date":"2017-10-20T14:38:26","date_gmt":"2017-10-20T14:38:26","guid":{"rendered":"http:\/\/www.balefolcloricodabahia.com.br\/site\/?page_id=86"},"modified":"2018-04-23T17:51:36","modified_gmt":"2018-04-23T20:51:36","slug":"premios-e-critica","status":"publish","type":"page","link":"https:\/\/balefolcloricodabahia.com.br\/site\/pt\/premios-e-critica\/","title":{"rendered":"Pr\u00eamios e Cr\u00edtica"},"content":{"rendered":"<p><strong>PR\u00caMIO FIAT<\/strong><br \/>\noferecido pela Fiat do Brasil como a melhor companhia de dan\u00e7a do pa\u00eds em 1990.<\/p>\n<p><strong>PR\u00caMIO EST\u00cdMULO<\/strong><br \/>\noferecido pelo Minist\u00e9rio da Cultura como a melhor companhia de dan\u00e7a do pa\u00eds e melhor espet\u00e1culo de dan\u00e7a do pa\u00eds em 1993.<\/p>\n<p><strong>PR\u00caMIO MAMBEMB\u00c3O<\/strong><br \/>\noferecido pelo Minist\u00e9rio da Cultura como a melhor pesquisa em cultura popular e melhor prepara\u00e7\u00e3o t\u00e9cnica de elenco em 1996.<\/p>\n<p><strong>PR\u00caMIO BOM DO BRASIL<\/strong><br \/>\noferecido pela Varig como um dos cincos melhores projetos s\u00f3cio-culturais existentes no pa\u00eds em 2004.<\/p>\n<p><strong>PR\u00caMIO M\u00c9RITO AO TURISMO<\/strong><br \/>\noferecido pela ABRAJET &#8211; Associa\u00e7\u00e3o Brasileira de Jornalistas de Turismo, pelos servi\u00e7os prestados ao turismo e \u00e0 cultura na Bahia em 2006.<\/p>\n<hr \/>\n<blockquote><p>\u201cO Bal\u00e9 Folcl\u00f3rico fez o p\u00fablico dan\u00e7ar. Ao final senhoras grisalhas estavam dan\u00e7ando contagiadas pela alta-voltagem transferida do palco para a plat\u00e9ia. Como um dos patrocinadores revelou: \u201cFoi para isso que o Festival de Spoleto foi criado\u201d&#8230;\u201d<\/p><\/blockquote>\n<p class=\"assinatura\">The Post and Courier \u2013 USA.<\/p>\n<blockquote><p>&#8220;O prazer dos dan\u00e7arinos, m\u00fasicos e cantoras em fazer o que eles fazem sobre o palco \u00e9 t\u00e3o obviamente parte da vida deles que contagia todo o teatro. Melhores condi\u00e7\u00f5es de trabalho t\u00eam permitido a companhia se aprofundar mais nas pesquisas. Os resultados s\u00e3o impressionantes e sedutores. Os intervalos musicais incluem um virtuoso solo de berimbau apresentado por Daniel Sousa e uma mistura de pop e tradicional \u00e9 incorporada por Dora Santana, que continua mais maravilhosa do que nunca. As mulheres na companhia nunca s\u00e3o menos energ\u00e9ticas do que os homens. Elas n\u00e3o s\u00e3o &#8220;Garotas de Ipanema&#8221; e essa diferen\u00e7a \u00e9 grande e clara &#8230;&#8221;<\/p><\/blockquote>\n<p class=\"assinatura\">Anna Kisselgoff, The New York Times \u2013 USA.<\/p>\n<blockquote><p>\u201cUma nova turn\u00ea nacional trouxe a companhia esta noite com um programa novo e espetacularmente mais produzido, que acabou com o p\u00fablico seguindo os dan\u00e7arinos e m\u00fasicos para fora do New Jersey Performing Arts Center. A vis\u00e3o do p\u00fablico dan\u00e7ando na pra\u00e7a externa do teatro n\u00e3o \u00e9 surpresa para quem j\u00e1 tenha visto de perto a um espet\u00e1culo do Bal\u00e9 Folcl\u00f3rico da Bahia&#8230;\u201d<\/p><\/blockquote>\n<p class=\"assinatura\">Anna Kisselgoff, The New York Times \u2013 USA.<\/p>\n<blockquote><p>&#8220;Um poderoso Bal\u00e9 Folcl\u00f3rico aporta na cidade. Voc\u00ea poderia cham\u00e1-lo de &#8220;a explos\u00e3o brasileira!&#8221; ou do Riverdance baiano. Como os milhares de f\u00e3s dessa companhia podiam esperar o espet\u00e1culo n\u00e3o terminou at\u00e9 que todo o p\u00fablico estivesse aos seus p\u00e9s, dan\u00e7ando pelos corredores. Com o Bal\u00e9 Folcl\u00f3rico da Bahia todos os coment\u00e1rios s\u00e3o em superlativos: o tempo operativo \u00e9 fren\u00e9tico, a din\u00e2mica numerosamente alta, os movimentos furiosos, as cores alucinantes. Nada \u00e9 sutil. Ningu\u00e9m teve pressa em voltar para casa &#8230;&#8221;<\/p><\/blockquote>\n<p class=\"assinatura\">The Boston Globe \u2013 USA.<\/p>\n<blockquote><p>&#8220;O Bal\u00e9 Folcl\u00f3rico da Bahia realmente precisa de um daqueles avisos de &#8220;apertem os cintos&#8221; antes do in\u00edcio dos seus espet\u00e1culos. O show apresentado ontem \u00e0 noite no Shubert Theater foi um dos mais espetaculares j\u00e1 visto em Boston. As novas coreografias da companhia mostraram figurinos exuberantes de tirar o f\u00f4lego. Algu\u00e9m que j\u00e1 tenha vivenciado ,recentemente, algum espet\u00e1culo brasileiro poder\u00e1 surpreender-se com a paix\u00e3o polir\u00edtmica que conduz os componentes da companhia que honram sua Bahia nativa com sensualidade e atletismo&#8230;&#8221;<\/p><\/blockquote>\n<p class=\"assinatura\">Boston Herald \u2013 USA.<\/p>\n<blockquote><p>&#8220;Apesar do frio do outono, o Bal\u00e9 Folcl\u00f3rico da Bahia aqueceu a noite do Anderson Theater apresentando um espet\u00e1culo de 90 minutos, sem intervalo, para uma casa de lota\u00e7\u00e3o esgotada. A companhia soube captar os sentimentos, o visual e a sonoridade de uma rica e vibrante cultura brasileira. O palco inteiro era pura vida com os m\u00fasicos, cantoras e energ\u00e9ticos dan\u00e7arinos dessa extraordin\u00e1ria companhia baiana&#8230;&#8221;<\/p><\/blockquote>\n<p class=\"assinatura\">Sun Bulletin \u2013 USA.<\/p>\n<blockquote><p>&#8220;Bravura brasileira! No Brasil todos dan\u00e7am, mas ningu\u00e9m dan\u00e7a, samba ou joga capoeira da mesma forma que os dan\u00e7arinos do Bal\u00e9 Folcl\u00f3rico da Bahia&#8230;&#8221;<\/p><\/blockquote>\n<p class=\"assinatura\">The Washington Post \u2013 USA.<\/p>\n<blockquote><p>&#8220;Fogos de artif\u00edcio e proezas do Brasil. Desliguem a eletricidade, os dan\u00e7arinos do Bal\u00e9 Folcl\u00f3rico da Bahia se encarregam de fornecer a energia para o show. O queixo caia a cada vez que os dan\u00e7arinos saltavam no palco. Dificilmente voc\u00ea encontrar\u00e1 um outro grupo de dan\u00e7arinos que possa executar tais proezas da mesma forma e t\u00e3o perfeitamente&#8230;&#8221;<\/p><\/blockquote>\n<p class=\"assinatura\">The Orange Country Register \u2013 USA.<\/p>\n<blockquote><p>&#8220;Numa espetacular mostra de cores, movimentos e interpreta\u00e7\u00e3o, o Bal\u00e9 Folcl\u00f3rico da Bahia provou que o mais famoso Estado do Nordeste do pa\u00eds n\u00e3o produz somente grandes cantores. \u00c9 f\u00e1cil ver porque a companhia \u00e9 a melhor do Brasil. N\u00e3o apenas o grupo mostra com muito orgulho as dan\u00e7as de forma energ\u00e9tica e precisa, mas a paix\u00e3o com que se eles apresentam mostra um importante aspecto da forma de arte integral encontrada em todos os g\u00eaneros Africanos. \u00c9 um show por si s\u00f3&#8230;&#8221;<\/p><\/blockquote>\n<p class=\"assinatura\">Chicago Sun-Times \u2013 USA.<\/p>\n<blockquote><p>\u201cPara os exuberantes e aparentemente incans\u00e1veis dan\u00e7arinos, m\u00fasicos e cantoras do Bal\u00e9 Folcl\u00f3rico da Bahia a ova\u00e7\u00e3o final foi apenas um segundo come\u00e7o&#8230;\u201d<\/p><\/blockquote>\n<p class=\"assinatura\">The Sacramento Bee \u2013 USA.<\/p>\n<blockquote><p>\u201cCorpos chocando-se e esp\u00edritos planando. Os dan\u00e7arinos fizeram por si s\u00f3 um espet\u00e1culo no melhor dos sentidos&#8230;\u201d<\/p><\/blockquote>\n<p class=\"assinatura\">The New York Times \u2013 USA.<\/p>\n<blockquote><p>&#8220;&#8230; Se voc\u00ea nunca teve a oportunidade de estar pr\u00f3ximo \u00e0 boca de um vulc\u00e3o em erup\u00e7\u00e3o, nunca queira faze-lo, mas se j\u00e1 estiver por l\u00e1 n\u00e3o deixe de aproveitar e da uma olhadinha para dentro. Esta \u00e9 a sensa\u00e7\u00e3o que se tem ao assistir um espet\u00e1culo do Bal\u00e9 Folcl\u00f3rico da Bahia&#8230;&#8221;<\/p><\/blockquote>\n<p class=\"assinatura\">The Australian \u2013 Austr\u00e1lia.<\/p>\n<blockquote><p>\u201cExuberantes, infatig\u00e1veis e virtuosos, os dan\u00e7arinos, cantoras e m\u00fasicos desta extraordin\u00e1ria companhia explodiram com ritmos afro-brasileiros que s\u00e3o suas principais heran\u00e7as. Como mostra de bravura, o Maculel\u00ea com seus bast\u00f5es e l\u00e2minas faiscando e a Capoeira com seus saltos e golpes voadores foram eletrizantes. E ningu\u00e9m pode estar imune ao contagiante ritmo de Samba Reggae &#8230;\u201d<\/p><\/blockquote>\n<p class=\"assinatura\">Anna Kisselgoff, The New York Times \u2013 USA.<\/p>\n<blockquote><p>\u201cSe algu\u00e9m ainda pensa que os tons bronzeados da garota de Ipanema representam tudo do Brasil, deveria mudar de id\u00e9ia e de conceito ap\u00f3s a estr\u00e9ia do Bal\u00e9 Folcl\u00f3rico da Bahia em Nova York, no City Center&#8230;\u201d<\/p><\/blockquote>\n<p class=\"assinatura\">Anna Kisselgoff, The New York Times \u2013 USA.<\/p>\n<blockquote><p>\u201cAlgo se passou no Brasil, que nada mais foi do que um encontro particularmente feliz do longo impulso mel\u00f3dico da sensibilidade latina com a energia propulsiva da m\u00fasica africana. Estes dan\u00e7arinos movem o bater do cora\u00e7\u00e3o de uma na\u00e7\u00e3o. O pulsar exuberante do samba ultrapassou a ribalta e fez com que o p\u00fablico dan\u00e7asse nos corredores&#8230;\u201d<\/p><\/blockquote>\n<p class=\"assinatura\">San Francisco Chronicle \u2013 USA.<\/p>\n<blockquote><p>\u201cCom seu carnaval coreografado, dan\u00e7a dos escravos (Maculel\u00ea) e na capoeira (dan\u00e7a de golpes altos que tamb\u00e9m \u00e9 uma forma de arte marcial), e, sobre tudo, na alegria do samba, este exuberante e \u00fanico grupo brasileiro deve, absolutamente, ser visto&#8230;\u201d<\/p><\/blockquote>\n<p class=\"assinatura\">Anna Kisselgoff, The New York Times \u2013 USA.<\/p>\n<blockquote><p>&#8220;Viva a Bahia. O Auditorium Maurice Ravel foi transfigurado por um bal\u00e9 de flama e furor&#8230;&#8221;<\/p><\/blockquote>\n<p class=\"assinatura\">Le Progress \u2013 Fran\u00e7a.<\/p>\n","protected":false},"excerpt":{"rendered":"<p>PR\u00caMIO FIAT oferecido pela Fiat do Brasil como a melhor companhia de dan\u00e7a do pa\u00eds em 1990. PR\u00caMIO EST\u00cdMULO oferecido pelo Minist\u00e9rio da Cultura como a melhor companhia de dan\u00e7a do pa\u00eds e melhor espet\u00e1culo de dan\u00e7a do pa\u00eds em 1993. PR\u00caMIO MAMBEMB\u00c3O oferecido pelo Minist\u00e9rio da Cultura como a melhor pesquisa em cultura popular [&hellip;]<\/p>\n","protected":false},"author":1,"featured_media":771,"parent":0,"menu_order":0,"comment_status":"closed","ping_status":"closed","template":"","meta":{"footnotes":""},"class_list":["post-86","page","type-page","status-publish","has-post-thumbnail","hentry"],"_links":{"self":[{"href":"https:\/\/balefolcloricodabahia.com.br\/site\/wp-json\/wp\/v2\/pages\/86","targetHints":{"allow":["GET"]}}],"collection":[{"href":"https:\/\/balefolcloricodabahia.com.br\/site\/wp-json\/wp\/v2\/pages"}],"about":[{"href":"https:\/\/balefolcloricodabahia.com.br\/site\/wp-json\/wp\/v2\/types\/page"}],"author":[{"embeddable":true,"href":"https:\/\/balefolcloricodabahia.com.br\/site\/wp-json\/wp\/v2\/users\/1"}],"replies":[{"embeddable":true,"href":"https:\/\/balefolcloricodabahia.com.br\/site\/wp-json\/wp\/v2\/comments?post=86"}],"version-history":[{"count":5,"href":"https:\/\/balefolcloricodabahia.com.br\/site\/wp-json\/wp\/v2\/pages\/86\/revisions"}],"predecessor-version":[{"id":485,"href":"https:\/\/balefolcloricodabahia.com.br\/site\/wp-json\/wp\/v2\/pages\/86\/revisions\/485"}],"wp:featuredmedia":[{"embeddable":true,"href":"https:\/\/balefolcloricodabahia.com.br\/site\/wp-json\/wp\/v2\/media\/771"}],"wp:attachment":[{"href":"https:\/\/balefolcloricodabahia.com.br\/site\/wp-json\/wp\/v2\/media?parent=86"}],"curies":[{"name":"wp","href":"https:\/\/api.w.org\/{rel}","templated":true}]}}