{"id":95,"date":"2017-10-20T14:48:08","date_gmt":"2017-10-20T14:48:08","guid":{"rendered":"http:\/\/www.balefolcloricodabahia.com.br\/site\/?page_id=95"},"modified":"2023-11-30T16:17:09","modified_gmt":"2023-11-30T19:17:09","slug":"histoire-francais","status":"publish","type":"page","link":"https:\/\/balefolcloricodabahia.com.br\/site\/fr\/histoire-francais\/","title":{"rendered":"Histoire"},"content":{"rendered":"<div class=\"subnav\"><a href=\"http:\/\/www.balefolcloricodabahia.com.br\/site\/fr\/tournees\/\">Tourn\u00e9es<\/a><a href=\"http:\/\/www.balefolcloricodabahia.com.br\/site\/fr\/the-social-dimension-of-art-2\/\">La dimension sociale de l&#8217;Art<\/a><\/div>\n<p><iframe loading=\"lazy\" src=\"https:\/\/www.youtube.com\/embed\/4FgD6W589eE\" width=\"560\" height=\"315\" frameborder=\"0\" allowfullscreen=\"allowfullscreen\"><\/iframe><br \/>\nLe <strong>Bal\u00e9 Folcl\u00f3rico da Bahia<\/strong> (BFB) a \u00e9t\u00e9 cr\u00e9\u00e9 en 1988 par Walson (Vav\u00e1) Botelho et Ninho Reis et pr\u00e9sente, depuis, um important programme d&#8217;activit\u00e9s, notamment de r\u00e9compenses et de tourn\u00e9es nationales et internationales, ainsi qu&#8217;un prestige consid\u00e9rable dont t\u00e9moigne la r\u00e9action du public et la critique d&#8217;experts.<\/p>\n<p>Le perfectionnement technique et interpr\u00e9tatif naturel de ses membres vient du fait que l\u2019\u00e9tat de Bahia est la r\u00e9gion du Br\u00e9sil o\u00f9 nous pouvons trouver les manifestations populaires dans la vie quotidienne de ses habitants. C\u2019est la raison pour laquelle le Bal\u00e9 Folcl\u00f3rico da Bahia a choisi ces manifestations comme sujet de ses recherches, les mettant em sc\u00e8ne \u00e0 travers la danse, la musique et d\u2019autres aspects du spectacle, devenant ainsi la source de l\u2019authenticit\u00e9 des chor\u00e9graphies pr\u00e9sent\u00e9es.<\/p>\n<p>En 2003, le Bal\u00e9 Folcl\u00f3rico da Bahia est devenu une partie int\u00e9grante des projets sociaux de la Fondation Bal\u00e9 Folcl\u00f3rico da Bahia, institution priv\u00e9e \u00e0 but non lucratif cr\u00e9\u00e9e cette m\u00eame ann\u00e9e, dans le but d\u2019offrir durablement une \u00e9cole de danse folclorique pour les \u00e9tudiants et les professeurs de danse. Ils y re\u00e7oivent les orientations les plus vari\u00e9es en mati\u00e8re de technique de danse afro-br\u00e9silienne, de ballet classique, de danse moderne, de capoeira, de musique et de th\u00e9\u00e2tre. Sous la direction artistique de Jos\u00e9 Carlos Santos (Zebrinha) depuis 1993, les travaux de la Fondation BFB ont permis de relever et d&#8217;am\u00e9liorer le niveau technique de ses participants, ce qui lui a valu les f\u00e9licitations et la reconnaissance du monde des professionnels de la danse et les \u00e9loges des critiques les plus exigeants du monde. Em cons\u00e9quence de la qualit\u00e9 des performances present\u00e9es en 1996 &#8211; le \u00abPrix Mambemb\u00e3o\u00bb &#8211; offert par le Minist\u00e8re de la Culture, est venu couronn\u00e9 la meilleure pr\u00e9paration technique du pays cette ann\u00e9e-l\u00e0.<\/p>\n<p>Afin de pr\u00e9server et de diffuser, dans l\u2019\u00e9tat le plus pur, les principales manifestations folcloriques de Bahia, le Bal\u00e9 Folcl\u00f3rico da Bahia a d\u00e9velopp\u00e9 un langage sc\u00e9nique qui part essentiellement des aspects populaires de la culture bahianaise pour atteindre le monde contemporain, sans toutefois perdre ses racines, ne s&#8217;\u00e9loignant pas de la r\u00e9alit\u00e9 nationale.<\/p>\n<p>Bas\u00e9 \u00e0 Salvador, le BFB a fait ses d\u00e9buts lors du festival de danse de Joinville, avant m\u00eame sa sortie officielle, lorsque plus de 20 000 personnes ont applaudi le spectacle &#8220;Bahia de Todas as Cores&#8221;. Le succ\u00e8s imm\u00e9diat s&#8217;est propag\u00e9 et a g\u00e9n\u00e9r\u00e9 de nombreuses invitations \u00e0 des spectacles dans d&#8217;autres festivals \u00e0 travers le pays.<\/p>\n<p>En 1992, il a fait ses d\u00e9buts internationaux au c\u00e9l\u00e8bre festival Alexander Platz de Berlin, devant un public de plus de 50 000 personnes et a \u00e9t\u00e9 acclam\u00e9 \u00e0 la fin du spectacle pendant pr\u00e8s de 15 minutes. \u00c0 partir de ce moment-l\u00e0, il fait de petites tourn\u00e9es au Br\u00e9sil et \u00e0 l&#8217;\u00e9tranger. En 1994, il est invit\u00e9 \u00e0 participer \u00e0 la Biennale de la Danse de Lyon, en France, consid\u00e9r\u00e9e comme l&#8217;\u00e9v\u00e9nement le plus important du genre au monde, dont le th\u00e8me de l\u2019\u00e9dition \u00e9tait MAMA AFRICA, r\u00e9unissant cette ann\u00e9e-l\u00e0 les plus grandes compagnies de danse du monde ayant travaill\u00e9 sur le th\u00e8me de la culture noire et de sa diaspora. L\u2019immense succ\u00e8s des pr\u00e9sentations \u00e0 l\u2019Auditorium Maurice Ravel \u00e0 Lyon a motiv\u00e9 la premi\u00e8re critique d\u2019une page compl\u00e8te du New York Times d\u2019Anna Kisselgoff, qui consid\u00e9rait le BFB, parmi les diverses compagnies de danse des quatre continents pr\u00e9sents au festival, comme celle qui avait le mieux incarn\u00e9 le th\u00e8me de l&#8217;\u00e9v\u00e9nement, et a d\u00e9clar\u00e9 que le BFB devait absolument \u00eatre vu dans le monde entier.<\/p>\n<p>La Biennale de la Danse de Lyon en 1994 a ouvert la voie aux tourn\u00e9es internationales constantes de la compagnie, qui est revenue \u00e0 la biennale en 1996 et qui s\u2019est d\u00e9finitivement \u00e9tablie comme l&#8217;une des compagnies de danse les plus importantes et les plus actives au monde. A partir de cette ann\u00e9e l\u00e0, le BFB a r\u00e9alis\u00e9 de nombreuses tourn\u00e9es en Am\u00e9rique du Nord, Am\u00e9rique du Sud et Centrale, en Europe, en Oc\u00e9anie et en Afrique, se produisant sur les sc\u00e8nes les plus prestigieuses aux \u00c9tats-Unis, en France, au Canada, en Suisse, en Allemagne, au Portugal, en Finlande, en Su\u00e8de, Danemark, Australie, Nouvelle-Z\u00e9lande, et bien d\u2019autres.<\/p>\n<p>Avec un calendrier d\u2019activit\u00e9s toujours programm\u00e9 \u00e0 l\u2019avance, le BFB se produit \u00e9galement au th\u00e9\u00e2tre Miguel Santana, si\u00e8ge de la Fondation BFB dans le Pelourinho, Centre Historique de Salvador, afin de r\u00e9pondre \u00e0 la demande d\u2019un public qui visite la ville de Salvador d\u00e9sireux d\u2019en savoir plus sur la culture populaire bahianaise, pr\u00e9sent\u00e9e de mani\u00e8re digne et authentique.<\/p>\n<div class=\"subnav\"><a href=\"http:\/\/www.balefolcloricodabahia.com.br\/site\/fr\/tournees\/\">Tourn\u00e9es<\/a><a href=\"http:\/\/www.balefolcloricodabahia.com.br\/site\/fr\/the-social-dimension-of-art-2\/\">La dimension sociale de l&#8217;Art<\/a><\/div>\n","protected":false},"excerpt":{"rendered":"<p>Tourn\u00e9esLa dimension sociale de l&#8217;Art Le Bal\u00e9 Folcl\u00f3rico da Bahia (BFB) a \u00e9t\u00e9 cr\u00e9\u00e9 en 1988 par Walson (Vav\u00e1) Botelho et Ninho Reis et pr\u00e9sente, depuis, um important programme d&#8217;activit\u00e9s, notamment de r\u00e9compenses et de tourn\u00e9es nationales et internationales, ainsi qu&#8217;un prestige consid\u00e9rable dont t\u00e9moigne la r\u00e9action du public et la critique d&#8217;experts. Le perfectionnement [&hellip;]<\/p>\n","protected":false},"author":1,"featured_media":352,"parent":0,"menu_order":0,"comment_status":"closed","ping_status":"closed","template":"","meta":{"footnotes":""},"class_list":["post-95","page","type-page","status-publish","has-post-thumbnail","hentry"],"_links":{"self":[{"href":"https:\/\/balefolcloricodabahia.com.br\/site\/wp-json\/wp\/v2\/pages\/95","targetHints":{"allow":["GET"]}}],"collection":[{"href":"https:\/\/balefolcloricodabahia.com.br\/site\/wp-json\/wp\/v2\/pages"}],"about":[{"href":"https:\/\/balefolcloricodabahia.com.br\/site\/wp-json\/wp\/v2\/types\/page"}],"author":[{"embeddable":true,"href":"https:\/\/balefolcloricodabahia.com.br\/site\/wp-json\/wp\/v2\/users\/1"}],"replies":[{"embeddable":true,"href":"https:\/\/balefolcloricodabahia.com.br\/site\/wp-json\/wp\/v2\/comments?post=95"}],"version-history":[{"count":10,"href":"https:\/\/balefolcloricodabahia.com.br\/site\/wp-json\/wp\/v2\/pages\/95\/revisions"}],"predecessor-version":[{"id":909,"href":"https:\/\/balefolcloricodabahia.com.br\/site\/wp-json\/wp\/v2\/pages\/95\/revisions\/909"}],"wp:featuredmedia":[{"embeddable":true,"href":"https:\/\/balefolcloricodabahia.com.br\/site\/wp-json\/wp\/v2\/media\/352"}],"wp:attachment":[{"href":"https:\/\/balefolcloricodabahia.com.br\/site\/wp-json\/wp\/v2\/media?parent=95"}],"curies":[{"name":"wp","href":"https:\/\/api.w.org\/{rel}","templated":true}]}}