{"id":98,"date":"2017-10-20T14:49:28","date_gmt":"2017-10-20T14:49:28","guid":{"rendered":"http:\/\/www.balefolcloricodabahia.com.br\/site\/?page_id=98"},"modified":"2023-11-30T16:16:54","modified_gmt":"2023-11-30T19:16:54","slug":"historia-espanol","status":"publish","type":"page","link":"https:\/\/balefolcloricodabahia.com.br\/site\/es\/historia-espanol\/","title":{"rendered":"Historia"},"content":{"rendered":"<div class=\"subnav\"><a href=\"http:\/\/www.balefolcloricodabahia.com.br\/site\/es\/giras\/\">Giras<\/a><a href=\"http:\/\/www.balefolcloricodabahia.com.br\/site\/es\/a-dimensao-social-da-arte-en-portugues\/\">La Dimensi\u00f3n Social del Arte<\/a> (en Portugu\u00e9s)<\/div>\n<p><iframe loading=\"lazy\" src=\"https:\/\/www.youtube.com\/embed\/4FgD6W589eE\" width=\"560\" height=\"315\" frameborder=\"0\" allowfullscreen=\"allowfullscreen\"><\/iframe><br \/>\nEl <strong>Bal\u00e9 Folcl\u00f3rico da Bahia<\/strong> (BFB) fue creado en 1988 por Walson (Vav\u00e1) Botelho y Ninho Reis y desde entonces ha presentado un importante plan de actividades, especialmente premios y giras nacionales e internacionales, y un considerable prestigio reflejado en la respuesta de cr\u00edticos, p\u00fablico y expertos.<\/p>\n<p>La mejora t\u00e9cnica-interpretativa natural de sus miembros se debe al hecho de que Bah\u00eda es la regi\u00f3n de Brasil donde podemos encontrar manifestaciones populares en la vida cotidiana de su gente y es por eso que el Bal\u00e9 Folcl\u00f3rico da Bahia eligi\u00f3 tales manifestaciones como tema de su investigaci\u00f3n, demostr\u00e1ndolos a trav\u00e9s de la danza, la m\u00fasica y otros aspectos que componen el espect\u00e1culo, convirti\u00e9ndose as\u00ed en la fuente de la autenticidad de las coreograf\u00edas presentadas.<\/p>\n<p>En 2003 el Bal\u00e9 Folcl\u00f3rico da Bahia se convirti\u00f3 en parte de los proyectos sociales de la Fundaci\u00f3n Bal\u00e9 Folcl\u00f3rico da Bahia, una instituci\u00f3n privada sin fines de lucro creada en ese a\u00f1o con el prop\u00f3sito de ofrecer y mantener una escuela de danza folcl\u00f3rica para estudiantes y profesores de danza donde reciben las m\u00e1s variadas orientaciones en t\u00e9cnica de danza afrobrasile\u00f1a, ballet cl\u00e1sico, danza moderna, capoeira, m\u00fasica y teatro. Bajo la direcci\u00f3n art\u00edstica de Jos\u00e9 Carlos Santos (Zebrinha) desde 1993, el trabajo realizado por la Fundaci\u00f3n BFB ha elevado y mejorado el nivel t\u00e9cnico de sus participantes, resultando en el reconocimiento y cumplidos de los profesionales y cr\u00edticos de danza m\u00e1s exigentes del mundo, lo que le vali\u00f3 elogios por esta actuaci\u00f3n durante 1996 &#8211; el &#8220;Premio Mambemb\u00e3o&#8221; &#8211; ofrecido por el Ministerio de Cultura a la mejor preparaci\u00f3n t\u00e9cnica de danza en el pa\u00eds ese a\u00f1o.<\/p>\n<p>Para preservar y difundir, en su estado m\u00e1s puro, las principales manifestaciones folcl\u00f3ricas de Bah\u00eda, el Bal\u00e9 Folcl\u00f3rico da Bahia ha desarrollado un lenguaje esc\u00e9nico que b\u00e1sicamente parte de los aspectos populares de la cultura bahiana que llegan al mundo contempor\u00e1neo, sin perder sus ra\u00edces, por lo que no se distancia de la realidad nacional.<\/p>\n<p>Con sede en Salvador, BFB hizo su debut durante el Joinville Dance Festival, incluso antes de su lanzamiento oficial, cuando m\u00e1s de 20.000 personas aplaudieron el espect\u00e1culo &#8220;Bah\u00eda de Todos los Colores&#8221;. El \u00e9xito inmediato se extendi\u00f3 y atrajo invitaciones a presentaciones en otros festivales en todo el pa\u00eds.<\/p>\n<p>En 1992 hizo su debut internacional en el famoso Festival Alexander Platz en Berl\u00edn ante una audiencia de m\u00e1s de 50,000 personas y fue aplaudido al final del espect\u00e1culo durante casi 15 minutos. Desde entonces, ha realizado peque\u00f1as giras en Brasil y en el extranjero, hasta que en 1994 fue invitado a participar en la Bienal de Danza de Lyon, en Francia, que se considera el evento m\u00e1s importante de su tipo en el mundo, cuyo tema en aquella edici\u00f3n era MAMA AFRICA, que reuni\u00f3 ese a\u00f1o a las compa\u00f1\u00edas de danza m\u00e1s importantes del mundo que trabajaron sobre el tema de la cultura negra y su di\u00e1spora. El inmenso \u00e9xito de las presentaciones en el Auditorio Maurice Ravel en Lyon fue el motivo de la primera cr\u00edtica del The New York Times a toda p\u00e1gina por parte de Anna Kisselgoff, quien consider\u00f3 a BFB entre las diversas compa\u00f1\u00edas de todos los continentes presentes en el festival, como el que mejor encarna el tema del evento, y declar\u00f3 que el BFB deber\u00eda verse absolutamente en todo el mundo.<\/p>\n<p>La Bienal de Danza de Lyon en 1994 prepar\u00f3 el camino para las constantes giras internacionales de la compa\u00f1\u00eda. En 1996 regresaron a la Bienal y definitivamente se han establecido como una de las compa\u00f1\u00edas de danza m\u00e1s importantes y activas del mundo. Desde ese a\u00f1o en adelante, ha realizado numerosas giras en Am\u00e9rica del Norte, del Sur y Central, Europa, Ocean\u00eda y \u00c1frica, actuando en los escenarios m\u00e1s prestigiosos de los Estados Unidos, Francia, Canad\u00e1, Suiza, Alemania, Portugal, Finlandia, Suecia, Dinamarca, Australia, Nueva Zelanda, entre muchos otros.<\/p>\n<p>Con un programa de actividades siempre programado con mucha anticipaci\u00f3n, BFB tambi\u00e9n se presenta en el Teatro Miguel Santana, sede de la Fundaci\u00f3n BFB en Pelourinho, Centro Hist\u00f3rico de Salvador, para satisfacer la demanda de un p\u00fablico que visita Salvador con el deseo de conocer m\u00e1s profundamente la cultura popular bahiana, all\u00ed mostrada de manera digna y aut\u00e9ntica.<\/p>\n<p>Ver m\u00e1s:<\/p>\n<div class=\"subnav\"><a href=\"http:\/\/www.balefolcloricodabahia.com.br\/site\/es\/giras\/\">Giras<\/a><a href=\"http:\/\/www.balefolcloricodabahia.com.br\/site\/es\/a-dimensao-social-da-arte-en-portugues\/\">La Dimensi\u00f3n Social del Arte<\/a> (en Portugu\u00e9s)<\/div>\n","protected":false},"excerpt":{"rendered":"<p>GirasLa Dimensi\u00f3n Social del Arte (en Portugu\u00e9s) El Bal\u00e9 Folcl\u00f3rico da Bahia (BFB) fue creado en 1988 por Walson (Vav\u00e1) Botelho y Ninho Reis y desde entonces ha presentado un importante plan de actividades, especialmente premios y giras nacionales e internacionales, y un considerable prestigio reflejado en la respuesta de cr\u00edticos, p\u00fablico y expertos. La [&hellip;]<\/p>\n","protected":false},"author":1,"featured_media":352,"parent":0,"menu_order":0,"comment_status":"closed","ping_status":"closed","template":"","meta":{"footnotes":""},"class_list":["post-98","page","type-page","status-publish","has-post-thumbnail","hentry"],"_links":{"self":[{"href":"https:\/\/balefolcloricodabahia.com.br\/site\/wp-json\/wp\/v2\/pages\/98","targetHints":{"allow":["GET"]}}],"collection":[{"href":"https:\/\/balefolcloricodabahia.com.br\/site\/wp-json\/wp\/v2\/pages"}],"about":[{"href":"https:\/\/balefolcloricodabahia.com.br\/site\/wp-json\/wp\/v2\/types\/page"}],"author":[{"embeddable":true,"href":"https:\/\/balefolcloricodabahia.com.br\/site\/wp-json\/wp\/v2\/users\/1"}],"replies":[{"embeddable":true,"href":"https:\/\/balefolcloricodabahia.com.br\/site\/wp-json\/wp\/v2\/comments?post=98"}],"version-history":[{"count":9,"href":"https:\/\/balefolcloricodabahia.com.br\/site\/wp-json\/wp\/v2\/pages\/98\/revisions"}],"predecessor-version":[{"id":910,"href":"https:\/\/balefolcloricodabahia.com.br\/site\/wp-json\/wp\/v2\/pages\/98\/revisions\/910"}],"wp:featuredmedia":[{"embeddable":true,"href":"https:\/\/balefolcloricodabahia.com.br\/site\/wp-json\/wp\/v2\/media\/352"}],"wp:attachment":[{"href":"https:\/\/balefolcloricodabahia.com.br\/site\/wp-json\/wp\/v2\/media?parent=98"}],"curies":[{"name":"wp","href":"https:\/\/api.w.org\/{rel}","templated":true}]}}